{"id":12,"date":"2012-07-06T01:22:38","date_gmt":"2012-07-05T23:22:38","guid":{"rendered":"https:\/\/renate-thalhammer.de\/?page_id=12"},"modified":"2023-07-27T16:30:29","modified_gmt":"2023-07-27T14:30:29","slug":"ausstellungen","status":"publish","type":"page","link":"https:\/\/renate-thalhammer.de\/?page_id=12","title":{"rendered":"Ausstellungen"},"content":{"rendered":"<hr \/>\n<p>seit 1990 kleinere Ausstellungen in B\u00fcchereien, Cafe`s ect<\/p>\n<p dir=\"LTR\" align=\"LEFT\">Seit 2000 j\u00e4hrliche Ausstellung &#8222;Heimische K\u00fcnstler&#8220; Wolfratshausen<\/p>\n<p dir=\"LTR\" align=\"LEFT\">2011 Contemporary German Art Galerie in New York \u201eChelsea&#8220; Amerika<\/p>\n<p dir=\"LTR\" align=\"LEFT\">2013 Ausstellung Galerie in Bologna Italien<\/p>\n<p dir=\"LTR\" align=\"LEFT\">2014 Ausstellung Galerie in Bologna Italien<\/p>\n<p dir=\"LTR\" align=\"LEFT\">seit 2009 j\u00e4hrliche Teilnahme an der Kunstmeile Wolfratshausen\u00a0 in den Schaufenstern der Stadt\/ Deutschland<\/p>\n<p dir=\"LTR\" align=\"LEFT\">2016 Ausstellung in Manzano-Italien<\/p>\n<p dir=\"LTR\" align=\"LEFT\">2017 Einzelausstellung im Rathaus K\u00f6nigsdorf\/ Deutschland<\/p>\n<p dir=\"LTR\" align=\"LEFT\">2018 Gruppenausstellung\u00a0 Autoren-Galerie1 M\u00fcnchen\/Schwabing<\/p>\n<p dir=\"LTR\" align=\"LEFT\">2019 Gruppenausstellung Autoren-Galeie 1 M\u00fcnchen\/Schwabing<\/p>\n<p dir=\"LTR\" align=\"LEFT\">2020 Gruppenausstellung Autoren-Galerie1 M\u00fcnchen\/Schwabing<\/p>\n<hr \/>\n<p dir=\"LTR\" align=\"LEFT\"><span style=\"color: #333399;\">Ver\u00f6ffentlichungen<\/span><\/p>\n<p dir=\"LTR\" align=\"LEFT\">Energia Creativa International Catalogue of Contemporary Artists 2013<\/p>\n<p dir=\"LTR\" align=\"LEFT\">curated by Alessio Boschi Paola Trevisan<\/p>\n<hr \/>\n","protected":false},"excerpt":{"rendered":"<p>seit 1990 kleinere Ausstellungen in B\u00fcchereien, Cafe`s ect Seit 2000 j\u00e4hrliche Ausstellung &#8222;Heimische K\u00fcnstler&#8220; Wolfratshausen 2011 Contemporary German Art Galerie in New York \u201eChelsea&#8220; Amerika 2013 Ausstellung Galerie in Bologna Italien 2014 Ausstellung Galerie in Bologna Italien seit 2009 j\u00e4hrliche &hellip; <a href=\"https:\/\/renate-thalhammer.de\/?page_id=12\">Weiterlesen <span class=\"meta-nav\">&rarr;<\/span><\/a><\/p>\n","protected":false},"author":1,"featured_media":0,"parent":0,"menu_order":0,"comment_status":"closed","ping_status":"closed","template":"","meta":[],"_links":{"self":[{"href":"https:\/\/renate-thalhammer.de\/index.php?rest_route=\/wp\/v2\/pages\/12"}],"collection":[{"href":"https:\/\/renate-thalhammer.de\/index.php?rest_route=\/wp\/v2\/pages"}],"about":[{"href":"https:\/\/renate-thalhammer.de\/index.php?rest_route=\/wp\/v2\/types\/page"}],"author":[{"embeddable":true,"href":"https:\/\/renate-thalhammer.de\/index.php?rest_route=\/wp\/v2\/users\/1"}],"replies":[{"embeddable":true,"href":"https:\/\/renate-thalhammer.de\/index.php?rest_route=%2Fwp%2Fv2%2Fcomments&post=12"}],"version-history":[{"count":16,"href":"https:\/\/renate-thalhammer.de\/index.php?rest_route=\/wp\/v2\/pages\/12\/revisions"}],"predecessor-version":[{"id":561,"href":"https:\/\/renate-thalhammer.de\/index.php?rest_route=\/wp\/v2\/pages\/12\/revisions\/561"}],"wp:attachment":[{"href":"https:\/\/renate-thalhammer.de\/index.php?rest_route=%2Fwp%2Fv2%2Fmedia&parent=12"}],"curies":[{"name":"wp","href":"https:\/\/api.w.org\/{rel}","templated":true}]}}